{"id":1003,"date":"2013-10-01T08:16:19","date_gmt":"2013-10-01T06:16:19","guid":{"rendered":"https:\/\/www.svenskkniv.se\/?page_id=1003"},"modified":"2025-08-04T21:30:05","modified_gmt":"2025-08-04T19:30:05","slug":"kontakta-oss","status":"publish","type":"page","link":"https:\/\/www.svenskkniv.se\/?page_id=1003","title":{"rendered":"Kontakta oss"},"content":{"rendered":"<div class=\"gca-column one-third first\">Ordf\u00f6rande:<strong><br \/>\n<\/strong><a href=\"mailto:peter.andersson1965@hotmail.se\">Peter Andersson<\/a><br \/>\n070-230 17 89<\/div>\n<div class=\"gca-column one-third\">Vice ordf\u00f6rande:<br \/>\n<a href=\"mailto:tege1960@gmail.com\">Tomas Gustafsson<\/a><br \/>\n070-233 07 15<\/div>\n<div class=\"gca-column one-third\">Sekreterare:<br \/>\n<a href=\"mailto:selektha@gmail.com\">P\u00e4r S\u00e4rn\u00f6<\/a><br \/>\n072-570 12 96<\/div>\n","protected":false},"excerpt":{"rendered":"","protected":false},"author":123456,"featured_media":0,"parent":4,"menu_order":0,"comment_status":"closed","ping_status":"closed","template":"","meta":{"footnotes":""},"class_list":["post-1003","page","type-page","status-publish","hentry"],"_links":{"self":[{"href":"https:\/\/www.svenskkniv.se\/index.php?rest_route=\/wp\/v2\/pages\/1003","targetHints":{"allow":["GET"]}}],"collection":[{"href":"https:\/\/www.svenskkniv.se\/index.php?rest_route=\/wp\/v2\/pages"}],"about":[{"href":"https:\/\/www.svenskkniv.se\/index.php?rest_route=\/wp\/v2\/types\/page"}],"author":[{"embeddable":true,"href":"https:\/\/www.svenskkniv.se\/index.php?rest_route=\/wp\/v2\/users\/123456"}],"replies":[{"embeddable":true,"href":"https:\/\/www.svenskkniv.se\/index.php?rest_route=%2Fwp%2Fv2%2Fcomments&post=1003"}],"version-history":[{"count":22,"href":"https:\/\/www.svenskkniv.se\/index.php?rest_route=\/wp\/v2\/pages\/1003\/revisions"}],"predecessor-version":[{"id":5026,"href":"https:\/\/www.svenskkniv.se\/index.php?rest_route=\/wp\/v2\/pages\/1003\/revisions\/5026"}],"up":[{"embeddable":true,"href":"https:\/\/www.svenskkniv.se\/index.php?rest_route=\/wp\/v2\/pages\/4"}],"wp:attachment":[{"href":"https:\/\/www.svenskkniv.se\/index.php?rest_route=%2Fwp%2Fv2%2Fmedia&parent=1003"}],"curies":[{"name":"wp","href":"https:\/\/api.w.org\/{rel}","templated":true}]}}