{"id":14,"date":"2013-02-25T23:13:59","date_gmt":"2013-02-25T22:13:59","guid":{"rendered":"https:\/\/www.svenskkniv.se\/?page_id=14"},"modified":"2022-02-09T10:20:52","modified_gmt":"2022-02-09T09:20:52","slug":"aktiviteterkurser","status":"publish","type":"page","link":"https:\/\/www.svenskkniv.se\/?page_id=14","title":{"rendered":"Aktiviteter\/Utbildningar\/T\u00e4vlingar"},"content":{"rendered":"<p>H\u00e4r hittar du information om aktiviteter, kurser och utbildningar som Svensk Knivf\u00f6rening eller andra f\u00f6reningar ordnar. H\u00e4r finns ocks\u00e5 information om de t\u00e4vlingar (\u00c5rligt SM)\u00a0som arrangeras av Svensk Knivf\u00f6rening.<br \/>Klicka p\u00e5 l\u00e4nkarna under Aktiviteter\/T\u00e4vlingar i menyn f\u00f6r ytterligare information.<\/p>\n\n\n<p><\/p>\n","protected":false},"excerpt":{"rendered":"<p>H\u00e4r hittar du information om aktiviteter, kurser och utbildningar som Svensk Knivf\u00f6rening eller andra f\u00f6reningar ordnar. H\u00e4r finns ocks\u00e5 information om de t\u00e4vlingar (\u00c5rligt SM)\u00a0som arrangeras av Svensk Knivf\u00f6rening.Klicka p\u00e5 l\u00e4nkarna under Aktiviteter\/T\u00e4vlingar i menyn f\u00f6r ytterligare information.<\/p>\n","protected":false},"author":1,"featured_media":0,"parent":0,"menu_order":50,"comment_status":"closed","ping_status":"closed","template":"","meta":{"footnotes":""},"class_list":["post-14","page","type-page","status-publish","hentry"],"_links":{"self":[{"href":"https:\/\/www.svenskkniv.se\/index.php?rest_route=\/wp\/v2\/pages\/14","targetHints":{"allow":["GET"]}}],"collection":[{"href":"https:\/\/www.svenskkniv.se\/index.php?rest_route=\/wp\/v2\/pages"}],"about":[{"href":"https:\/\/www.svenskkniv.se\/index.php?rest_route=\/wp\/v2\/types\/page"}],"author":[{"embeddable":true,"href":"https:\/\/www.svenskkniv.se\/index.php?rest_route=\/wp\/v2\/users\/1"}],"replies":[{"embeddable":true,"href":"https:\/\/www.svenskkniv.se\/index.php?rest_route=%2Fwp%2Fv2%2Fcomments&post=14"}],"version-history":[{"count":21,"href":"https:\/\/www.svenskkniv.se\/index.php?rest_route=\/wp\/v2\/pages\/14\/revisions"}],"predecessor-version":[{"id":4331,"href":"https:\/\/www.svenskkniv.se\/index.php?rest_route=\/wp\/v2\/pages\/14\/revisions\/4331"}],"wp:attachment":[{"href":"https:\/\/www.svenskkniv.se\/index.php?rest_route=%2Fwp%2Fv2%2Fmedia&parent=14"}],"curies":[{"name":"wp","href":"https:\/\/api.w.org\/{rel}","templated":true}]}}