{"id":18,"date":"2013-02-25T23:14:29","date_gmt":"2013-02-25T22:14:29","guid":{"rendered":"https:\/\/www.svenskkniv.se\/?page_id=18"},"modified":"2026-03-15T12:55:47","modified_gmt":"2026-03-15T11:55:47","slug":"tavlingarregler","status":"publish","type":"page","link":"https:\/\/www.svenskkniv.se\/?page_id=18","title":{"rendered":"T\u00e4vlingar"},"content":{"rendered":"<p><a href=\"https:\/\/www.svenskkniv.se\/wordpress\/wp-content\/uploads\/2013\/02\/5604-UB-13.jpg\"><img loading=\"lazy\" decoding=\"async\" class=\"alignnone wp-image-520\" src=\"https:\/\/www.svenskkniv.se\/wordpress\/wp-content\/uploads\/2013\/02\/5604-UB-13-300x207.jpg\" alt=\"5604 UB 13\" width=\"174\" height=\"121\" srcset=\"https:\/\/www.svenskkniv.se\/wp-content\/uploads\/2013\/02\/5604-UB-13-300x207.jpg 300w, https:\/\/www.svenskkniv.se\/wp-content\/uploads\/2013\/02\/5604-UB-13.jpg 866w\" sizes=\"auto, (max-width: 174px) 100vw, 174px\" \/><\/a> <a href=\"https:\/\/www.svenskkniv.se\/wordpress\/wp-content\/uploads\/2013\/02\/5619-BD-03.jpg\"><img loading=\"lazy\" decoding=\"async\" class=\"alignnone wp-image-521\" src=\"https:\/\/www.svenskkniv.se\/wordpress\/wp-content\/uploads\/2013\/02\/5619-BD-03-300x207.jpg\" alt=\"5619 BD 03\" width=\"190\" height=\"132\" srcset=\"https:\/\/www.svenskkniv.se\/wp-content\/uploads\/2013\/02\/5619-BD-03-300x207.jpg 300w, https:\/\/www.svenskkniv.se\/wp-content\/uploads\/2013\/02\/5619-BD-03.jpg 866w\" sizes=\"auto, (max-width: 190px) 100vw, 190px\" \/><\/a> <a href=\"https:\/\/www.svenskkniv.se\/wordpress\/wp-content\/uploads\/2013\/02\/5482-HH-01.jpg\"><img loading=\"lazy\" decoding=\"async\" class=\"alignnone wp-image-519\" src=\"https:\/\/www.svenskkniv.se\/wordpress\/wp-content\/uploads\/2013\/02\/5482-HH-01-300x207.jpg\" alt=\"5482 HH 01\" width=\"191\" height=\"133\" srcset=\"https:\/\/www.svenskkniv.se\/wp-content\/uploads\/2013\/02\/5482-HH-01-300x207.jpg 300w, https:\/\/www.svenskkniv.se\/wp-content\/uploads\/2013\/02\/5482-HH-01.jpg 866w\" sizes=\"auto, (max-width: 191px) 100vw, 191px\" \/><\/a><\/p>\n<p>Via l\u00e4nkarna nedan kan bland annat resultat fr\u00e5n Kniv-SM ses, samt anm\u00e4lningsblankett till kommande Kniv-SM.<\/p>\n<p>Anm\u00e4lningsblankett till Kniv-SM 2026 i finns h\u00e4r <a href=\"https:\/\/www.svenskkniv.se\/wp-content\/uploads\/2026\/03\/Anmalan_SM_2026.pdf\" target=\"_blank\" rel=\"noopener\">Anma\u0308lan_Kniv-SM 2026<\/a><\/p>\n<p><strong>Resultat vid tidigare t\u00e4vlingar:<\/strong><\/p>\n<p><a href=\"https:\/\/www.svenskkniv.se\/wp-content\/uploads\/2025\/09\/Resultat-2025.pdf\">Resultat Kniv-SM 2025<\/a><\/p>\n<p><a href=\"https:\/\/www.svenskkniv.se\/wp-content\/uploads\/2024\/11\/resultat-sm24.pdf\">Resultat Kniv-SM 2024<\/a><\/p>\n<p><a href=\"https:\/\/www.svenskkniv.se\/wp-content\/uploads\/2023\/05\/Resultat2023.pdf\">Resultat Kniv-SM 2023<\/a><\/p>\n<p><a href=\"https:\/\/www.svenskkniv.se\/wp-content\/uploads\/2023\/01\/Resultat2022.pdf\" target=\"_blank\" rel=\"noopener\">Resultat Kniv-SM 2022<\/a><\/p>\n<p><a href=\"https:\/\/www.svenskkniv.se\/wp-content\/uploads\/2019\/09\/Resultat.pdf\" target=\"_blank\" rel=\"noopener noreferrer\">Resultat Kniv-SM 2019<\/a><\/p>\n<p><a href=\"https:\/\/www.svenskkniv.se\/wp-content\/uploads\/2018\/05\/So\u0308derhamn-2018a.pdf\" target=\"_blank\" rel=\"noopener noreferrer\">Knivdagarna i S\u00f6derhamn 2018<\/a><\/p>\n<p><a href=\"https:\/\/www.svenskkniv.se\/wp-content\/uploads\/2018\/03\/sm17.pdf\">Kniv-SM i Norrk\u00f6ping 2017<\/a><\/p>\n<p><a href=\"https:\/\/www.svenskkniv.se\/wp-content\/uploads\/2014\/09\/Resultat2.pdf\">Kniv-SM i Skellefte\u00e5 2014<\/a><\/p>\n<p><a href=\"https:\/\/www.svenskkniv.se\/wordpress\/wp-content\/uploads\/2013\/02\/Knivdagar-i-S\u00f6derhamn-2013.pdf\">Knivdagar i S\u00f6derhamn 2013<\/a><br \/>\n<a href=\"https:\/\/www.svenskkniv.se\/wordpress\/wp-content\/uploads\/2013\/02\/Resultatlista-SM-2013.pdf\">Resultatlista SM 2013<\/a><br \/>\n<a href=\"https:\/\/www.svenskkniv.se\/dokument\/ludvika13.pdf\">Knivveckan i Ludvika 2013<br \/>\n<\/a><\/p>\n<p><a href=\"https:\/\/www.svenskkniv.se\/Resultat.html\">Kniv-SM 2012<br \/>\n<\/a><a href=\"https:\/\/www.svenskkniv.se\/dokument\/resultat%20ludvika%202012.pdf\" target=\"_blank\" rel=\"noopener noreferrer\">Knivveckan i Ludvika 2012<br \/>\n<\/a><a href=\"https:\/\/www.svenskkniv.se\/knivstig\/gillet\/res2012.pdf\" target=\"_blank\" rel=\"noopener noreferrer\">Knivdagar i S\u00f6derhamn 2012. Resultatlista<\/a><\/p>\n<p><a href=\"https:\/\/www.svenskkniv.se\/dokument\/sm2011.pdf\" target=\"_blank\" rel=\"noopener noreferrer\">Kniv-SM 2011<br \/>\n<\/a><a href=\"https:\/\/www.svenskkniv.se\/dokument\/NM2011.pdf\" target=\"_blank\" rel=\"noopener noreferrer\">Nordiska M\u00e4sterskapet 2011<\/a><\/p>\n<p><a href=\"https:\/\/www.svenskkniv.se\/dokument\/sm2010.pdf\" target=\"_blank\" rel=\"noopener noreferrer\">Kniv-SM 2010<br \/>\n<\/a><a href=\"https:\/\/www.svenskkniv.se\/dokument\/damasteel2010.pdf\" target=\"_blank\" rel=\"noopener noreferrer\">Damasteel Cup 2010<\/a><\/p>\n<p><a href=\"https:\/\/www.svenskkniv.se\/dokument\/res2009.pdf\" target=\"_blank\" rel=\"noopener noreferrer\">Kniv-SM 2009<br \/>\n<\/a><a href=\"https:\/\/www.svenskkniv.se\/knivstig\/gillet\/res2009.pdf\" target=\"_blank\" rel=\"noopener noreferrer\">Knivdagar i S\u00f6derhamn 2009. Resultatlista<\/a><\/p>\n<p><a href=\"https:\/\/www.svenskkniv.se\/dokument\/res2009.pdf\" target=\"_blank\" rel=\"noopener noreferrer\"><br \/>\n<\/a><a href=\"https:\/\/www.svenskkniv.se\/dokument\/NM2008.pdf\" target=\"_blank\" rel=\"noopener noreferrer\">Resultat Nordiska M\u00e4sterskapet, Knivveckan i Ludvika 2008<br \/>\n<\/a><a href=\"https:\/\/www.svenskkniv.se\/dokument\/res\/SM2008.pdf\" target=\"_blank\" rel=\"noopener noreferrer\">Kniv-SM 2008<br \/>\n<\/a><a href=\"https:\/\/www.svenskkniv.se\/dokument\/damasteel.pdf\" target=\"_blank\" rel=\"noopener noreferrer\">Damasteel Cup 2008<br \/>\n<\/a><a href=\"https:\/\/www.svenskkniv.se\/knivstig\/gillet\/res2009.pdf\" target=\"_blank\" rel=\"noopener noreferrer\"><br \/>\n<\/a><\/p>\n","protected":false},"excerpt":{"rendered":"<p>Via l\u00e4nkarna nedan kan bland annat resultat fr\u00e5n Kniv-SM ses, samt anm\u00e4lningsblankett till kommande Kniv-SM. Anm\u00e4lningsblankett till Kniv-SM 2026 i finns h\u00e4r Anma\u0308lan_Kniv-SM 2026 Resultat vid tidigare t\u00e4vlingar: Resultat Kniv-SM 2025 Resultat Kniv-SM 2024 Resultat Kniv-SM 2023 Resultat Kniv-SM 2022 Resultat Kniv-SM 2019 Knivdagarna i S\u00f6derhamn 2018 Kniv-SM i Norrk\u00f6ping \u2026 <a class=\"continue-reading-link\" href=\"https:\/\/www.svenskkniv.se\/?page_id=18\"> Continue reading <span class=\"meta-nav\">&rarr; <\/span><\/a><\/p>\n","protected":false},"author":1,"featured_media":0,"parent":14,"menu_order":8,"comment_status":"open","ping_status":"closed","template":"","meta":{"footnotes":""},"class_list":["post-18","page","type-page","status-publish","hentry"],"_links":{"self":[{"href":"https:\/\/www.svenskkniv.se\/index.php?rest_route=\/wp\/v2\/pages\/18","targetHints":{"allow":["GET"]}}],"collection":[{"href":"https:\/\/www.svenskkniv.se\/index.php?rest_route=\/wp\/v2\/pages"}],"about":[{"href":"https:\/\/www.svenskkniv.se\/index.php?rest_route=\/wp\/v2\/types\/page"}],"author":[{"embeddable":true,"href":"https:\/\/www.svenskkniv.se\/index.php?rest_route=\/wp\/v2\/users\/1"}],"replies":[{"embeddable":true,"href":"https:\/\/www.svenskkniv.se\/index.php?rest_route=%2Fwp%2Fv2%2Fcomments&post=18"}],"version-history":[{"count":51,"href":"https:\/\/www.svenskkniv.se\/index.php?rest_route=\/wp\/v2\/pages\/18\/revisions"}],"predecessor-version":[{"id":5085,"href":"https:\/\/www.svenskkniv.se\/index.php?rest_route=\/wp\/v2\/pages\/18\/revisions\/5085"}],"up":[{"embeddable":true,"href":"https:\/\/www.svenskkniv.se\/index.php?rest_route=\/wp\/v2\/pages\/14"}],"wp:attachment":[{"href":"https:\/\/www.svenskkniv.se\/index.php?rest_route=%2Fwp%2Fv2%2Fmedia&parent=18"}],"curies":[{"name":"wp","href":"https:\/\/api.w.org\/{rel}","templated":true}]}}