{"id":1835,"date":"2015-02-24T09:15:03","date_gmt":"2015-02-24T08:15:03","guid":{"rendered":"https:\/\/www.svenskkniv.se\/?page_id=1835"},"modified":"2025-09-29T08:02:59","modified_gmt":"2025-09-29T06:02:59","slug":"tavlingsresultat","status":"publish","type":"page","link":"https:\/\/www.svenskkniv.se\/?page_id=1835","title":{"rendered":"T\u00e4vlingsresultat"},"content":{"rendered":"<p><strong>Resultat vid tidigare t\u00e4vlingar:<\/strong><\/p>\n<p><a href=\"https:\/\/www.svenskkniv.se\/wp-content\/uploads\/2025\/09\/Resultat-2025.pdf\">Resultatlista Kniv-SM 2025<\/a><\/p>\n<p><a href=\"https:\/\/www.svenskkniv.se\/wp-content\/uploads\/2024\/11\/resultat-sm24.pdf\">Resultatlista Kniv-SM 2024<\/a><\/p>\n<p><a href=\"https:\/\/www.svenskkniv.se\/wp-content\/uploads\/2023\/05\/Resultat2023.pdf\" target=\"_blank\" rel=\"noopener\">Resultatlista Kniv-SM 2023<\/a><\/p>\n<p><a href=\"https:\/\/www.svenskkniv.se\/wp-content\/uploads\/2023\/01\/Resultat2022.pdf\" target=\"_blank\" rel=\"noopener\">Resultatlista Kniv-SM 2022<\/a><\/p>\n<p><a href=\"https:\/\/www.svenskkniv.se\/wp-content\/uploads\/2019\/09\/Resultat.pdf\" target=\"_blank\" rel=\"noopener noreferrer\">Resultatlista Kniv-SM 2019<\/a><\/p>\n<p><a href=\"https:\/\/www.svenskkniv.se\/wp-content\/uploads\/2018\/08\/Resultatlista-SM-2018.pdf\" target=\"_blank\" rel=\"noopener noreferrer\">Resutltatlista Kniv-SM 2018<\/a><\/p>\n<p><a href=\"https:\/\/www.svenskkniv.se\/wp-content\/uploads\/2018\/07\/Vinnare-2018.pdf\" target=\"_blank\" rel=\"noopener noreferrer\">Vinnare Knivveckan i Ludvika 2018<\/a><\/p>\n<p><a href=\"https:\/\/www.svenskkniv.se\/wp-content\/uploads\/2018\/05\/So\u0308derhamn-2018a.pdf\" target=\"_blank\" rel=\"noopener noreferrer\">Knivdagar i S\u00f6derhamn 2018<\/a><\/p>\n<p><a href=\"https:\/\/www.svenskkniv.se\/wp-content\/uploads\/2018\/03\/sm17.pdf\">Resultatlista Kniv-SM 2017<\/a><\/p>\n<p><a href=\"https:\/\/www.svenskkniv.se\/wp-content\/uploads\/2015\/04\/soderhamn-15.jpg\">Knivdagar i S\u00f6derhamn 2015<\/a><\/p>\n<p><a href=\"https:\/\/www.svenskkniv.se\/wp-content\/uploads\/2014\/09\/Resultat2.pdf\">Kniv-SM i Skellefte\u00e5 2014<br \/>\n<\/a><a href=\"https:\/\/www.svenskkniv.se\/wp-content\/uploads\/2014\/07\/Resultat-Ludvika14.pdf\">Knivveckan i Ludvika 2014<\/a><\/p>\n<p><a href=\"https:\/\/www.svenskkniv.se\/wordpress\/wp-content\/uploads\/2013\/02\/Knivdagar-i-S\u00f6derhamn-2013.pdf\">Knivdagar i S\u00f6derhamn 2013<\/a><br \/>\n<a href=\"https:\/\/www.svenskkniv.se\/wordpress\/wp-content\/uploads\/2013\/02\/Resultatlista-SM-2013.pdf\">Resultatlista SM 2013<\/a><br \/>\n<a href=\"https:\/\/www.svenskkniv.se\/dokument\/ludvika13.pdf\">Knivveckan i Ludvika 2013<br \/>\n<\/a><\/p>\n<p><a href=\"https:\/\/www.svenskkniv.se\/Resultat.html\">Kniv-SM 2012<br \/>\n<\/a><a href=\"https:\/\/www.svenskkniv.se\/dokument\/resultat%20ludvika%202012.pdf\" target=\"_blank\" rel=\"noopener noreferrer\">Knivveckan i Ludvika 2012<br \/>\n<\/a><a href=\"https:\/\/www.svenskkniv.se\/knivstig\/gillet\/res2012.pdf\" target=\"_blank\" rel=\"noopener noreferrer\">Knivdagar i S\u00f6derhamn 2012. Resultatlista<\/a><\/p>\n<p><a href=\"https:\/\/www.svenskkniv.se\/dokument\/sm2011.pdf\" target=\"_blank\" rel=\"noopener noreferrer\">Kniv-SM 2011<br \/>\n<\/a><a href=\"https:\/\/www.svenskkniv.se\/dokument\/NM2011.pdf\" target=\"_blank\" rel=\"noopener noreferrer\">Nordiska M\u00e4sterskapet 2011<\/a><\/p>\n<p><a href=\"https:\/\/www.svenskkniv.se\/dokument\/sm2010.pdf\" target=\"_blank\" rel=\"noopener noreferrer\">Kniv-SM 2010<br \/>\n<\/a><a href=\"https:\/\/www.svenskkniv.se\/dokument\/damasteel2010.pdf\" target=\"_blank\" rel=\"noopener noreferrer\">Damasteel Cup 2010<\/a><\/p>\n<p><a href=\"https:\/\/www.svenskkniv.se\/dokument\/res2009.pdf\" target=\"_blank\" rel=\"noopener noreferrer\">Kniv-SM 2009<br \/>\n<\/a><a href=\"https:\/\/www.svenskkniv.se\/knivstig\/gillet\/res2009.pdf\" target=\"_blank\" rel=\"noopener noreferrer\">Knivdagar i S\u00f6derhamn 2009. Resultatlista<\/a><\/p>\n<p><a href=\"https:\/\/www.svenskkniv.se\/dokument\/res2009.pdf\" target=\"_blank\" rel=\"noopener noreferrer\"><br \/>\n<\/a><a href=\"https:\/\/www.svenskkniv.se\/dokument\/NM2008.pdf\" target=\"_blank\" rel=\"noopener noreferrer\">Resultat Nordiska M\u00e4sterskapet, Knivveckan i Ludvika 2008<br \/>\n<\/a><a href=\"https:\/\/www.svenskkniv.se\/dokument\/res\/SM2008.pdf\" target=\"_blank\" rel=\"noopener noreferrer\">Kniv-SM 2008<br \/>\n<\/a><a href=\"https:\/\/www.svenskkniv.se\/dokument\/damasteel.pdf\" target=\"_blank\" rel=\"noopener noreferrer\">Damasteel Cup 2008<\/a><\/p>\n","protected":false},"excerpt":{"rendered":"<p>Resultat vid tidigare t\u00e4vlingar: Resultatlista Kniv-SM 2025 Resultatlista Kniv-SM 2024 Resultatlista Kniv-SM 2023 Resultatlista Kniv-SM 2022 Resultatlista Kniv-SM 2019 Resutltatlista Kniv-SM 2018 Vinnare Knivveckan i Ludvika 2018 Knivdagar i S\u00f6derhamn 2018 Resultatlista Kniv-SM 2017 Knivdagar i S\u00f6derhamn 2015 Kniv-SM i Skellefte\u00e5 2014 Knivveckan i Ludvika 2014 Knivdagar i S\u00f6derhamn 2013 \u2026 <a class=\"continue-reading-link\" href=\"https:\/\/www.svenskkniv.se\/?page_id=1835\"> Continue reading <span class=\"meta-nav\">&rarr; <\/span><\/a><\/p>\n","protected":false},"author":123456,"featured_media":0,"parent":18,"menu_order":0,"comment_status":"closed","ping_status":"closed","template":"","meta":{"footnotes":""},"class_list":["post-1835","page","type-page","status-publish","hentry"],"_links":{"self":[{"href":"https:\/\/www.svenskkniv.se\/index.php?rest_route=\/wp\/v2\/pages\/1835","targetHints":{"allow":["GET"]}}],"collection":[{"href":"https:\/\/www.svenskkniv.se\/index.php?rest_route=\/wp\/v2\/pages"}],"about":[{"href":"https:\/\/www.svenskkniv.se\/index.php?rest_route=\/wp\/v2\/types\/page"}],"author":[{"embeddable":true,"href":"https:\/\/www.svenskkniv.se\/index.php?rest_route=\/wp\/v2\/users\/123456"}],"replies":[{"embeddable":true,"href":"https:\/\/www.svenskkniv.se\/index.php?rest_route=%2Fwp%2Fv2%2Fcomments&post=1835"}],"version-history":[{"count":17,"href":"https:\/\/www.svenskkniv.se\/index.php?rest_route=\/wp\/v2\/pages\/1835\/revisions"}],"predecessor-version":[{"id":5049,"href":"https:\/\/www.svenskkniv.se\/index.php?rest_route=\/wp\/v2\/pages\/1835\/revisions\/5049"}],"up":[{"embeddable":true,"href":"https:\/\/www.svenskkniv.se\/index.php?rest_route=\/wp\/v2\/pages\/18"}],"wp:attachment":[{"href":"https:\/\/www.svenskkniv.se\/index.php?rest_route=%2Fwp%2Fv2%2Fmedia&parent=1835"}],"curies":[{"name":"wp","href":"https:\/\/api.w.org\/{rel}","templated":true}]}}