{"id":24,"date":"2013-02-25T23:15:38","date_gmt":"2013-02-25T22:15:38","guid":{"rendered":"https:\/\/www.svenskkniv.se\/?page_id=24"},"modified":"2024-10-04T10:39:40","modified_gmt":"2024-10-04T08:39:40","slug":"utlandsinformation","status":"publish","type":"page","link":"https:\/\/www.svenskkniv.se\/?page_id=24","title":{"rendered":"Utlandsinformation"},"content":{"rendered":"<table border=\"1\" width=\"100%\">\n<tbody>\n<tr>\n<td valign=\"top\" width=\"212\" height=\"16\">Vid betalning fr\u00e5n utlandet ange f\u00f6ljande, 450 SEK<\/td>\n<td valign=\"top\" width=\"257\" height=\"16\">When paying from abroad enter the following and 450 SEK<\/td>\n<\/tr>\n<tr>\n<td valign=\"top\" width=\"212\" height=\"16\"><strong>IBAN kontonummer<\/strong><\/td>\n<td valign=\"top\">IBAN SE45 6000 0000 0004 8889 2341<\/td>\n<\/tr>\n<tr>\n<td valign=\"top\" width=\"212\" height=\"1\"><\/td>\n<td valign=\"top\" height=\"1\"><\/td>\n<\/tr>\n<tr>\n<td valign=\"top\" width=\"212\" height=\"16\">BIC-kod (SWIFT-adress):<\/td>\n<td valign=\"top\" height=\"16\">HANDSESS<\/td>\n<\/tr>\n<tr>\n<td valign=\"top\" width=\"212\" height=\"64\"><strong>Kontohavare:<\/strong><\/td>\n<td valign=\"top\" height=\"64\">Svensk Knivf\u00f6rening<br \/>\nc\/o Peter Andersson<br \/>\nF\u00f6reningsv\u00e4gen 7<br \/>\n826 72 Sandarne<\/td>\n<\/tr>\n<\/tbody>\n<\/table>\n<p>Om du inte har tillg\u00e5ng till banktj\u00e4nster p\u00e5 Internet, g\u00e5 d\u00e5 till ditt eget bankkontor och be dem \u00f6verf\u00f6ra beloppet till ovan angivet IBAN och BIC.<\/p>\n","protected":false},"excerpt":{"rendered":"<p>Vid betalning fr\u00e5n utlandet ange f\u00f6ljande, 450 SEK When paying from abroad enter the following and 450 SEK IBAN kontonummer IBAN SE45 6000 0000 0004 8889 2341 BIC-kod (SWIFT-adress): HANDSESS Kontohavare: Svensk Knivf\u00f6rening c\/o Peter Andersson F\u00f6reningsv\u00e4gen 7 826 72 Sandarne Om du inte har tillg\u00e5ng till banktj\u00e4nster p\u00e5 Internet, \u2026 <a class=\"continue-reading-link\" href=\"https:\/\/www.svenskkniv.se\/?page_id=24\"> Continue reading <span class=\"meta-nav\">&rarr; <\/span><\/a><\/p>\n","protected":false},"author":1,"featured_media":0,"parent":4,"menu_order":2,"comment_status":"closed","ping_status":"closed","template":"","meta":{"footnotes":""},"class_list":["post-24","page","type-page","status-publish","hentry"],"_links":{"self":[{"href":"https:\/\/www.svenskkniv.se\/index.php?rest_route=\/wp\/v2\/pages\/24","targetHints":{"allow":["GET"]}}],"collection":[{"href":"https:\/\/www.svenskkniv.se\/index.php?rest_route=\/wp\/v2\/pages"}],"about":[{"href":"https:\/\/www.svenskkniv.se\/index.php?rest_route=\/wp\/v2\/types\/page"}],"author":[{"embeddable":true,"href":"https:\/\/www.svenskkniv.se\/index.php?rest_route=\/wp\/v2\/users\/1"}],"replies":[{"embeddable":true,"href":"https:\/\/www.svenskkniv.se\/index.php?rest_route=%2Fwp%2Fv2%2Fcomments&post=24"}],"version-history":[{"count":13,"href":"https:\/\/www.svenskkniv.se\/index.php?rest_route=\/wp\/v2\/pages\/24\/revisions"}],"predecessor-version":[{"id":4925,"href":"https:\/\/www.svenskkniv.se\/index.php?rest_route=\/wp\/v2\/pages\/24\/revisions\/4925"}],"up":[{"embeddable":true,"href":"https:\/\/www.svenskkniv.se\/index.php?rest_route=\/wp\/v2\/pages\/4"}],"wp:attachment":[{"href":"https:\/\/www.svenskkniv.se\/index.php?rest_route=%2Fwp%2Fv2%2Fmedia&parent=24"}],"curies":[{"name":"wp","href":"https:\/\/api.w.org\/{rel}","templated":true}]}}