{"id":3650,"date":"2020-06-26T10:40:49","date_gmt":"2020-06-26T08:40:49","guid":{"rendered":"https:\/\/www.svenskkniv.se\/?page_id=3650"},"modified":"2025-11-03T16:17:25","modified_gmt":"2025-11-03T15:17:25","slug":"styrelsen-2","status":"publish","type":"page","link":"https:\/\/www.svenskkniv.se\/?page_id=3650","title":{"rendered":"Styrelsen"},"content":{"rendered":"\n<div class=\"wp-block-columns is-layout-flex wp-container-core-columns-is-layout-9d6595d7 wp-block-columns-is-layout-flex\">\n<div class=\"wp-block-column is-layout-flow wp-block-column-is-layout-flow\">\n<figure class=\"wp-block-image size-large is-resized\"><a href=\"https:\/\/www.svenskkniv.se\/wp-content\/uploads\/2018\/03\/PA.jpg\"><img loading=\"lazy\" decoding=\"async\" width=\"697\" height=\"1024\" src=\"https:\/\/www.svenskkniv.se\/wp-content\/uploads\/2018\/03\/PA-697x1024.jpg\" alt=\"Peter Andersson\" class=\"wp-image-2543\" style=\"aspect-ratio:0.7358490566037735;width:232px;height:auto\" srcset=\"https:\/\/www.svenskkniv.se\/wp-content\/uploads\/2018\/03\/PA-697x1024.jpg 697w, https:\/\/www.svenskkniv.se\/wp-content\/uploads\/2018\/03\/PA-204x300.jpg 204w, https:\/\/www.svenskkniv.se\/wp-content\/uploads\/2018\/03\/PA-768x1129.jpg 768w, https:\/\/www.svenskkniv.se\/wp-content\/uploads\/2018\/03\/PA-102x150.jpg 102w\" sizes=\"auto, (max-width: 697px) 100vw, 697px\" \/><\/a><\/figure>\n\n\n\n<p><strong>Ordf\u00f6rande<br><\/strong><a href=\"mailto:peter.andersson1965@hotmail.se\" target=\"_blank\" rel=\"noreferrer noopener\">Peter Andersson<\/a><a href=\"mailto: svenskkniv@gmail.com\"><br><\/a>F\u00f6reningsv\u00e4gen 7<br>826 72 Sandarne<br>070-230 17 89<\/p>\n<\/div>\n\n\n\n<div class=\"wp-block-column is-layout-flow wp-block-column-is-layout-flow\">\n<figure class=\"wp-block-image size-large is-resized\"><a href=\"https:\/\/www.svenskkniv.se\/wp-content\/uploads\/2018\/03\/TG.jpg\"><img loading=\"lazy\" decoding=\"async\" width=\"757\" height=\"1024\" src=\"https:\/\/www.svenskkniv.se\/wp-content\/uploads\/2018\/03\/TG-757x1024.jpg\" alt=\"Tomas Gustafsson\" class=\"wp-image-2544\" style=\"width:234px;height:315px\" srcset=\"https:\/\/www.svenskkniv.se\/wp-content\/uploads\/2018\/03\/TG-757x1024.jpg 757w, https:\/\/www.svenskkniv.se\/wp-content\/uploads\/2018\/03\/TG-222x300.jpg 222w, https:\/\/www.svenskkniv.se\/wp-content\/uploads\/2018\/03\/TG-768x1039.jpg 768w, https:\/\/www.svenskkniv.se\/wp-content\/uploads\/2018\/03\/TG-111x150.jpg 111w\" sizes=\"auto, (max-width: 757px) 100vw, 757px\" \/><\/a><\/figure>\n\n\n\n<p><strong>Vice ordf\u00f6rande\/medlemsfr\u00e5gor<br><\/strong><a href=\"mailto:eklundknives@gmail.com\"><\/a><a href=\"mailto:tege1960@gmail.com\">Tomas Gustafsson<\/a><br>Ugglestigen 84<br>814 93 Skutsk\u00e4r<br>070-233 07 15<\/p>\n\n\n\n<p><\/p>\n<\/div>\n<\/div>\n\n\n\n<div class=\"wp-block-columns is-layout-flex wp-container-core-columns-is-layout-9d6595d7 wp-block-columns-is-layout-flex\">\n<div class=\"wp-block-column is-layout-flow wp-block-column-is-layout-flow\">\n<figure class=\"wp-block-image size-large is-resized\"><a href=\"https:\/\/www.svenskkniv.se\/wp-content\/uploads\/2020\/06\/Sa\u0308rno\u0308.jpg\"><img loading=\"lazy\" decoding=\"async\" width=\"768\" height=\"1024\" src=\"https:\/\/www.svenskkniv.se\/wp-content\/uploads\/2020\/06\/Sa\u0308rno\u0308-768x1024.jpg\" alt=\"PS\" class=\"wp-image-3663\" style=\"object-fit:cover;width:262px;height:349px\" srcset=\"https:\/\/www.svenskkniv.se\/wp-content\/uploads\/2020\/06\/Sa\u0308rno\u0308-768x1025.jpg 768w, https:\/\/www.svenskkniv.se\/wp-content\/uploads\/2020\/06\/Sa\u0308rno\u0308-225x300.jpg 225w, https:\/\/www.svenskkniv.se\/wp-content\/uploads\/2020\/06\/Sa\u0308rno\u0308-1151x1536.jpg 1151w, https:\/\/www.svenskkniv.se\/wp-content\/uploads\/2020\/06\/Sa\u0308rno\u0308-112x150.jpg 112w, https:\/\/www.svenskkniv.se\/wp-content\/uploads\/2020\/06\/Sa\u0308rno\u0308.jpg 1296w\" sizes=\"auto, (max-width: 768px) 100vw, 768px\" \/><\/a><\/figure>\n\n\n\n<p><strong>Sekreterare<\/strong><br><a href=\"mailto:selektha@gmail.com\">P\u00e4r S\u00e4rn\u00f6<\/a><br>Cymbalgatan 1<br>943 33 \u00d6jebyn<br>072-570 12 96<br><\/p>\n<\/div>\n\n\n\n<div class=\"wp-block-column is-layout-flow wp-block-column-is-layout-flow\">\n<figure class=\"wp-block-image size-large is-resized\"><a href=\"https:\/\/www.svenskkniv.se\/wp-content\/uploads\/2024\/08\/JonasJohnsson.jpg\"><img loading=\"lazy\" decoding=\"async\" width=\"721\" height=\"1024\" src=\"https:\/\/www.svenskkniv.se\/wp-content\/uploads\/2024\/08\/JonasJohnsson-721x1024.jpg\" alt=\"Jonas Johnsson\" class=\"wp-image-4747\" style=\"width:238px;height:349px\" srcset=\"https:\/\/www.svenskkniv.se\/wp-content\/uploads\/2024\/08\/JonasJohnsson-721x1024.jpg 721w, https:\/\/www.svenskkniv.se\/wp-content\/uploads\/2024\/08\/JonasJohnsson-211x300.jpg 211w, https:\/\/www.svenskkniv.se\/wp-content\/uploads\/2024\/08\/JonasJohnsson-768x1090.jpg 768w, https:\/\/www.svenskkniv.se\/wp-content\/uploads\/2024\/08\/JonasJohnsson-1082x1536.jpg 1082w, https:\/\/www.svenskkniv.se\/wp-content\/uploads\/2024\/08\/JonasJohnsson-1443x2048.jpg 1443w, https:\/\/www.svenskkniv.se\/wp-content\/uploads\/2024\/08\/JonasJohnsson-106x150.jpg 106w, https:\/\/www.svenskkniv.se\/wp-content\/uploads\/2024\/08\/JonasJohnsson.jpg 1680w\" sizes=\"auto, (max-width: 721px) 100vw, 721px\" \/><\/a><\/figure>\n\n\n\n<p><strong>Kass\u00f6r<\/strong><br><a href=\"mailto:isasmedjan@gmail.com\" target=\"_blank\" rel=\"noreferrer noopener\">Jonas Johnsson<\/a><br>Isav\u00e4gen 10<br>293 74 Kyrkhult<br>076-183 55 89<\/p>\n\n\n\n<p><\/p>\n<\/div>\n<\/div>\n\n\n\n<div class=\"wp-block-columns is-layout-flex wp-container-core-columns-is-layout-9d6595d7 wp-block-columns-is-layout-flex\">\n<div class=\"wp-block-column is-layout-flow wp-block-column-is-layout-flow\">\n<figure class=\"wp-block-image size-full is-resized\"><a href=\"https:\/\/www.svenskkniv.se\/wp-content\/uploads\/2025\/08\/Peder_Elffors-1.png\"><img loading=\"lazy\" decoding=\"async\" width=\"466\" height=\"658\" src=\"https:\/\/www.svenskkniv.se\/wp-content\/uploads\/2025\/08\/Peder_Elffors-1.png\" alt=\"\" class=\"wp-image-5023\" style=\"aspect-ratio:0.7398843930635838;width:256px;height:auto\" srcset=\"https:\/\/www.svenskkniv.se\/wp-content\/uploads\/2025\/08\/Peder_Elffors-1.png 466w, https:\/\/www.svenskkniv.se\/wp-content\/uploads\/2025\/08\/Peder_Elffors-1-212x300.png 212w, https:\/\/www.svenskkniv.se\/wp-content\/uploads\/2025\/08\/Peder_Elffors-1-106x150.png 106w\" sizes=\"auto, (max-width: 466px) 100vw, 466px\" \/><\/a><\/figure>\n\n\n\n<p><strong>Ledamot<br><\/strong><a href=\"mailto:peder.elffors@gmail.com\" target=\"_blank\" rel=\"noreferrer noopener\">Peder Elffors<\/a><br>M\u00f6rstsj\u00f6 21<br>825 93 Njut\u00e5nger<br>070-603 17 65<\/p>\n\n\n\n<p><\/p>\n<\/div>\n\n\n\n<div class=\"wp-block-column is-layout-flow wp-block-column-is-layout-flow\">\n<figure class=\"wp-block-image size-full is-resized\"><a href=\"https:\/\/www.svenskkniv.se\/wp-content\/uploads\/2023\/06\/Jonas.jpeg\"><img loading=\"lazy\" decoding=\"async\" width=\"660\" height=\"741\" src=\"https:\/\/www.svenskkniv.se\/wp-content\/uploads\/2023\/06\/Jonas-edited.jpeg\" alt=\"\" class=\"wp-image-4560\" style=\"width:308px;height:undefinedpx\" srcset=\"https:\/\/www.svenskkniv.se\/wp-content\/uploads\/2023\/06\/Jonas-edited.jpeg 660w, https:\/\/www.svenskkniv.se\/wp-content\/uploads\/2023\/06\/Jonas-edited-267x300.jpeg 267w, https:\/\/www.svenskkniv.se\/wp-content\/uploads\/2023\/06\/Jonas-edited-134x150.jpeg 134w\" sizes=\"auto, (max-width: 660px) 100vw, 660px\" \/><\/a><\/figure>\n\n\n\n<p><strong>Ledamot<br><\/strong><a href=\"mailto: info@jonasvildmark.com\">Jonas Landolsi<br><\/a>Hyttv\u00e4gen 1 <br>739 93 Riddarhyttan<br>070-620 51 66<\/p>\n<\/div>\n<\/div>\n\n\n\n<div class=\"wp-block-columns is-layout-flex wp-container-core-columns-is-layout-9d6595d7 wp-block-columns-is-layout-flex\">\n<div class=\"wp-block-column is-layout-flow wp-block-column-is-layout-flow\">\n<figure class=\"wp-block-image size-large is-resized\"><img loading=\"lazy\" decoding=\"async\" width=\"715\" height=\"1024\" src=\"https:\/\/www.svenskkniv.se\/wp-content\/uploads\/2018\/03\/EH-715x1024.jpg\" alt=\"\" class=\"wp-image-2542\" style=\"width:240px;height:344px\" srcset=\"https:\/\/www.svenskkniv.se\/wp-content\/uploads\/2018\/03\/EH-715x1024.jpg 715w, https:\/\/www.svenskkniv.se\/wp-content\/uploads\/2018\/03\/EH-209x300.jpg 209w, https:\/\/www.svenskkniv.se\/wp-content\/uploads\/2018\/03\/EH-768x1100.jpg 768w, https:\/\/www.svenskkniv.se\/wp-content\/uploads\/2018\/03\/EH-105x150.jpg 105w\" sizes=\"auto, (max-width: 715px) 100vw, 715px\" \/><\/figure>\n\n\n\n<p><strong>Suppleant<\/strong><br><a href=\"mailto:erica.hogberg@hotmail.com\">Erica H\u00f6gberg<br><\/a>Gullheden 1 B<br>811 71 &nbsp;J\u00e4rbo<\/p>\n\n\n\n<p><\/p>\n<\/div>\n\n\n\n<div class=\"wp-block-column is-layout-flow wp-block-column-is-layout-flow\">\n<p><\/p>\n\n\n\n<p><\/p>\n<\/div>\n<\/div>\n\n\n\n<div class=\"wp-block-columns is-layout-flex wp-container-core-columns-is-layout-9d6595d7 wp-block-columns-is-layout-flex\"><\/div>\n\n\n\n<div class=\"wp-block-columns is-layout-flex wp-container-core-columns-is-layout-9d6595d7 wp-block-columns-is-layout-flex\">\n<div class=\"wp-block-column is-layout-flow wp-block-column-is-layout-flow\">\n<p><strong>Valberedning<\/strong><br><a href=\"mailto:bohuskniven@telia.com\">Gunnar <\/a><a href=\"mailto:agunnarknife@gmail.com\">Holmberg<\/a><br>Toster\u00f6 Br\u00e5torp 7<br>645 93  Str\u00e4ngn\u00e4s<\/p>\n\n\n\n<p><\/p>\n<\/div>\n\n\n\n<div class=\"wp-block-column is-layout-flow wp-block-column-is-layout-flow\">\n<p><strong>Valberedning<br><\/strong><a href=\"mailto:mats@sodralid.se\">Mats Gyllsand<\/a><\/p>\n\n\n\n<p><\/p>\n<\/div>\n<\/div>\n\n\n\n<div class=\"wp-block-columns is-layout-flex wp-container-core-columns-is-layout-9d6595d7 wp-block-columns-is-layout-flex\">\n<div class=\"wp-block-column is-layout-flow wp-block-column-is-layout-flow\">\n<p><strong>Valberedning<\/strong><br>Jan Martinsson<\/p>\n<\/div>\n\n\n\n<div class=\"wp-block-column is-layout-flow wp-block-column-is-layout-flow\">\n<p><strong>Revisor<\/strong><br>Dick Gidl\u00f6f<\/p>\n\n\n\n<p><\/p>\n<\/div>\n<\/div>\n\n\n\n<div class=\"wp-block-columns is-layout-flex wp-container-core-columns-is-layout-9d6595d7 wp-block-columns-is-layout-flex\">\n<div class=\"wp-block-column is-layout-flow wp-block-column-is-layout-flow\">\n<p><strong>Revisor<br><\/strong>P-O Eklund<\/p>\n<\/div>\n\n\n\n<div class=\"wp-block-column is-layout-flow wp-block-column-is-layout-flow\"><\/div>\n<\/div>\n","protected":false},"excerpt":{"rendered":"<p>Ordf\u00f6randePeter AnderssonF\u00f6reningsv\u00e4gen 7826 72 Sandarne070-230 17 89 Vice ordf\u00f6rande\/medlemsfr\u00e5gorTomas GustafssonUgglestigen 84814 93 Skutsk\u00e4r070-233 07 15 SekreterareP\u00e4r S\u00e4rn\u00f6Cymbalgatan 1943 33 \u00d6jebyn072-570 12 96 Kass\u00f6rJonas JohnssonIsav\u00e4gen 10293 74 Kyrkhult076-183 55 89 LedamotPeder ElfforsM\u00f6rstsj\u00f6 21825 93 Njut\u00e5nger070-603 17 65 LedamotJonas LandolsiHyttv\u00e4gen 1 739 93 Riddarhyttan070-620 51 66 SuppleantErica H\u00f6gbergGullheden 1 B811 71 &nbsp;J\u00e4rbo \u2026 <a class=\"continue-reading-link\" href=\"https:\/\/www.svenskkniv.se\/?page_id=3650\"> Continue reading <span class=\"meta-nav\">&rarr; <\/span><\/a><\/p>\n","protected":false},"author":1,"featured_media":0,"parent":0,"menu_order":0,"comment_status":"closed","ping_status":"closed","template":"","meta":{"footnotes":""},"class_list":["post-3650","page","type-page","status-publish","hentry"],"_links":{"self":[{"href":"https:\/\/www.svenskkniv.se\/index.php?rest_route=\/wp\/v2\/pages\/3650","targetHints":{"allow":["GET"]}}],"collection":[{"href":"https:\/\/www.svenskkniv.se\/index.php?rest_route=\/wp\/v2\/pages"}],"about":[{"href":"https:\/\/www.svenskkniv.se\/index.php?rest_route=\/wp\/v2\/types\/page"}],"author":[{"embeddable":true,"href":"https:\/\/www.svenskkniv.se\/index.php?rest_route=\/wp\/v2\/users\/1"}],"replies":[{"embeddable":true,"href":"https:\/\/www.svenskkniv.se\/index.php?rest_route=%2Fwp%2Fv2%2Fcomments&post=3650"}],"version-history":[{"count":46,"href":"https:\/\/www.svenskkniv.se\/index.php?rest_route=\/wp\/v2\/pages\/3650\/revisions"}],"predecessor-version":[{"id":5067,"href":"https:\/\/www.svenskkniv.se\/index.php?rest_route=\/wp\/v2\/pages\/3650\/revisions\/5067"}],"wp:attachment":[{"href":"https:\/\/www.svenskkniv.se\/index.php?rest_route=%2Fwp%2Fv2%2Fmedia&parent=3650"}],"curies":[{"name":"wp","href":"https:\/\/api.w.org\/{rel}","templated":true}]}}