{"id":3676,"date":"2020-06-27T14:04:49","date_gmt":"2020-06-27T12:04:49","guid":{"rendered":"https:\/\/www.svenskkniv.se\/?page_id=3676"},"modified":"2024-12-16T17:42:18","modified_gmt":"2024-12-16T16:42:18","slug":"redaktion","status":"publish","type":"page","link":"https:\/\/www.svenskkniv.se\/?page_id=3676","title":{"rendered":"Redaktion"},"content":{"rendered":"\n<p>Saknar du n\u00e5got i tidningen eller vill tipsa oss om ett bra reportage? Tveka inte att h\u00f6ra av dig!<\/p>\n\n\n\n<div class=\"wp-block-columns is-layout-flex wp-container-core-columns-is-layout-9d6595d7 wp-block-columns-is-layout-flex\">\n<div class=\"wp-block-column is-layout-flow wp-block-column-is-layout-flow\">\n<figure class=\"wp-block-image size-large is-resized\"><a href=\"https:\/\/www.svenskkniv.se\/wp-content\/uploads\/2024\/08\/CM-ny.jpg\"><img loading=\"lazy\" decoding=\"async\" width=\"709\" height=\"1024\" src=\"https:\/\/www.svenskkniv.se\/wp-content\/uploads\/2024\/08\/CM-ny-709x1024.jpg\" alt=\"Carl Michael Almqvist\" class=\"wp-image-4750\" style=\"width:288px;height:393px\" srcset=\"https:\/\/www.svenskkniv.se\/wp-content\/uploads\/2024\/08\/CM-ny-709x1024.jpg 709w, https:\/\/www.svenskkniv.se\/wp-content\/uploads\/2024\/08\/CM-ny-208x300.jpg 208w, https:\/\/www.svenskkniv.se\/wp-content\/uploads\/2024\/08\/CM-ny-768x1109.jpg 768w, https:\/\/www.svenskkniv.se\/wp-content\/uploads\/2024\/08\/CM-ny-1064x1536.jpg 1064w, https:\/\/www.svenskkniv.se\/wp-content\/uploads\/2024\/08\/CM-ny-104x150.jpg 104w, https:\/\/www.svenskkniv.se\/wp-content\/uploads\/2024\/08\/CM-ny.jpg 1418w\" sizes=\"auto, (max-width: 709px) 100vw, 709px\" \/><\/a><\/figure>\n\n\n\n<p><strong>Ansvarig utgivare<br><\/strong><a href=\"mailto:carlmichael@carlmichael.info\">Carl Michael Almqvist<\/a><\/p>\n\n\n\n<p>Skogsfruv\u00e4gen 21<br>802 64 G\u00e4vle<br>070-509 83 78<\/p>\n\n\n\n<p><\/p>\n<\/div>\n\n\n\n<div class=\"wp-block-column is-layout-flow wp-block-column-is-layout-flow\">\n<figure class=\"wp-block-image size-large is-resized\"><img loading=\"lazy\" decoding=\"async\" width=\"557\" height=\"843\" src=\"https:\/\/www.svenskkniv.se\/wp-content\/uploads\/2020\/06\/MatsG.jpg\" alt=\"\" class=\"wp-image-3678\" style=\"width:258px;height:391px\" srcset=\"https:\/\/www.svenskkniv.se\/wp-content\/uploads\/2020\/06\/MatsG.jpg 557w, https:\/\/www.svenskkniv.se\/wp-content\/uploads\/2020\/06\/MatsG-198x300.jpg 198w, https:\/\/www.svenskkniv.se\/wp-content\/uploads\/2020\/06\/MatsG-99x150.jpg 99w\" sizes=\"auto, (max-width: 557px) 100vw, 557px\" \/><\/figure>\n\n\n\n<p><strong>Redakt\u00f6r och annonser<br><\/strong><a href=\"mailto:mats@sodralid.se\">Mats Gyllsand<\/a><\/p>\n<\/div>\n<\/div>\n\n\n\n<div class=\"wp-block-columns is-layout-flex wp-container-core-columns-is-layout-9d6595d7 wp-block-columns-is-layout-flex\">\n<div class=\"wp-block-column is-layout-flow wp-block-column-is-layout-flow\">\n<figure class=\"wp-block-image size-large is-resized\"><a href=\"https:\/\/www.svenskkniv.se\/wp-content\/uploads\/2023\/08\/jomenvisst-1-1.jpg\"><img loading=\"lazy\" decoding=\"async\" width=\"1008\" height=\"1024\" src=\"https:\/\/www.svenskkniv.se\/wp-content\/uploads\/2023\/08\/jomenvisst-1-1-1008x1024.jpg\" alt=\"\" class=\"wp-image-4590\" style=\"object-fit:cover;width:280px;height:373px\" srcset=\"https:\/\/www.svenskkniv.se\/wp-content\/uploads\/2023\/08\/jomenvisst-1-1-1008x1024.jpg 1008w, https:\/\/www.svenskkniv.se\/wp-content\/uploads\/2023\/08\/jomenvisst-1-1-295x300.jpg 295w, https:\/\/www.svenskkniv.se\/wp-content\/uploads\/2023\/08\/jomenvisst-1-1-768x781.jpg 768w, https:\/\/www.svenskkniv.se\/wp-content\/uploads\/2023\/08\/jomenvisst-1-1-1511x1536.jpg 1511w, https:\/\/www.svenskkniv.se\/wp-content\/uploads\/2023\/08\/jomenvisst-1-1-2015x2048.jpg 2015w, https:\/\/www.svenskkniv.se\/wp-content\/uploads\/2023\/08\/jomenvisst-1-1-148x150.jpg 148w\" sizes=\"auto, (max-width: 1008px) 100vw, 1008px\" \/><\/a><\/figure>\n\n\n\n<p><strong>Redaktion<\/strong><br><a href=\"mailto:dempwolf@hotmail.com\">Reimond Dempwolf<\/a><br>Sn\u00e4ckmorv\u00e4gen 17 <br>825 92 Njut\u00e5nger<br>073-981 76 14<\/p>\n<\/div>\n\n\n\n<div class=\"wp-block-column is-layout-flow wp-block-column-is-layout-flow\">\n<figure class=\"wp-block-image size-large is-resized\"><a href=\"https:\/\/www.svenskkniv.se\/wp-content\/uploads\/2023\/08\/BILL-scaled.jpg\"><img loading=\"lazy\" decoding=\"async\" width=\"726\" height=\"1024\" src=\"https:\/\/www.svenskkniv.se\/wp-content\/uploads\/2023\/08\/BILL-726x1024.jpg\" alt=\"\" class=\"wp-image-4594\" style=\"width:262px;height:370px\" srcset=\"https:\/\/www.svenskkniv.se\/wp-content\/uploads\/2023\/08\/BILL-726x1024.jpg 726w, https:\/\/www.svenskkniv.se\/wp-content\/uploads\/2023\/08\/BILL-213x300.jpg 213w, https:\/\/www.svenskkniv.se\/wp-content\/uploads\/2023\/08\/BILL-768x1084.jpg 768w, https:\/\/www.svenskkniv.se\/wp-content\/uploads\/2023\/08\/BILL-1089x1536.jpg 1089w, https:\/\/www.svenskkniv.se\/wp-content\/uploads\/2023\/08\/BILL-1452x2048.jpg 1452w, https:\/\/www.svenskkniv.se\/wp-content\/uploads\/2023\/08\/BILL-106x150.jpg 106w, https:\/\/www.svenskkniv.se\/wp-content\/uploads\/2023\/08\/BILL-scaled.jpg 1815w\" sizes=\"auto, (max-width: 726px) 100vw, 726px\" \/><\/a><\/figure>\n\n\n\n<p><strong>Redaktion<\/strong><br><a href=\"mailto:billstrom.lars.e@telia.com\">Lars Billstr\u00f6m<\/a><br>Enebobacken 2<br>511 58 Kinna<br>0320-130 50<\/p>\n\n\n\n<p><\/p>\n<\/div>\n<\/div>\n\n\n\n<div class=\"wp-block-columns is-layout-flex wp-container-core-columns-is-layout-9d6595d7 wp-block-columns-is-layout-flex\">\n<div class=\"wp-block-column is-layout-flow wp-block-column-is-layout-flow\">\n<figure class=\"wp-block-image size-large is-resized\"><img loading=\"lazy\" decoding=\"async\" width=\"537\" height=\"711\" src=\"https:\/\/www.svenskkniv.se\/wp-content\/uploads\/2020\/06\/PO.jpg\" alt=\"\" class=\"wp-image-3654\" style=\"width:267px;height:353px\" srcset=\"https:\/\/www.svenskkniv.se\/wp-content\/uploads\/2020\/06\/PO.jpg 537w, https:\/\/www.svenskkniv.se\/wp-content\/uploads\/2020\/06\/PO-227x300.jpg 227w, https:\/\/www.svenskkniv.se\/wp-content\/uploads\/2020\/06\/PO-113x150.jpg 113w\" sizes=\"auto, (max-width: 537px) 100vw, 537px\" \/><\/figure>\n\n\n\n<p><strong>Redaktion<br><\/strong><a href=\"mailto:eklundknives@gmail.com\">P\u00e4r-Olof Eklund<\/a><br>Rosgatan 11A<br>931 39 Skellefte\u00e5<br>070-399 62 40<\/p>\n<\/div>\n<\/div>\n\n\n\n<p><\/p>\n","protected":false},"excerpt":{"rendered":"<p>Saknar du n\u00e5got i tidningen eller vill tipsa oss om ett bra reportage? Tveka inte att h\u00f6ra av dig! Ansvarig utgivareCarl Michael Almqvist Skogsfruv\u00e4gen 21802 64 G\u00e4vle070-509 83 78 Redakt\u00f6r och annonserMats Gyllsand RedaktionReimond DempwolfSn\u00e4ckmorv\u00e4gen 17 825 92 Njut\u00e5nger073-981 76 14 RedaktionLars Billstr\u00f6mEnebobacken 2511 58 Kinna0320-130 50 RedaktionP\u00e4r-Olof EklundRosgatan 11A931 \u2026 <a class=\"continue-reading-link\" href=\"https:\/\/www.svenskkniv.se\/?page_id=3676\"> Continue reading <span class=\"meta-nav\">&rarr; <\/span><\/a><\/p>\n","protected":false},"author":1,"featured_media":0,"parent":0,"menu_order":0,"comment_status":"closed","ping_status":"closed","template":"","meta":{"footnotes":""},"class_list":["post-3676","page","type-page","status-publish","hentry"],"_links":{"self":[{"href":"https:\/\/www.svenskkniv.se\/index.php?rest_route=\/wp\/v2\/pages\/3676","targetHints":{"allow":["GET"]}}],"collection":[{"href":"https:\/\/www.svenskkniv.se\/index.php?rest_route=\/wp\/v2\/pages"}],"about":[{"href":"https:\/\/www.svenskkniv.se\/index.php?rest_route=\/wp\/v2\/types\/page"}],"author":[{"embeddable":true,"href":"https:\/\/www.svenskkniv.se\/index.php?rest_route=\/wp\/v2\/users\/1"}],"replies":[{"embeddable":true,"href":"https:\/\/www.svenskkniv.se\/index.php?rest_route=%2Fwp%2Fv2%2Fcomments&post=3676"}],"version-history":[{"count":15,"href":"https:\/\/www.svenskkniv.se\/index.php?rest_route=\/wp\/v2\/pages\/3676\/revisions"}],"predecessor-version":[{"id":4941,"href":"https:\/\/www.svenskkniv.se\/index.php?rest_route=\/wp\/v2\/pages\/3676\/revisions\/4941"}],"wp:attachment":[{"href":"https:\/\/www.svenskkniv.se\/index.php?rest_route=%2Fwp%2Fv2%2Fmedia&parent=3676"}],"curies":[{"name":"wp","href":"https:\/\/api.w.org\/{rel}","templated":true}]}}