{"id":4,"date":"2013-02-25T23:12:33","date_gmt":"2013-02-25T22:12:33","guid":{"rendered":"https:\/\/www.svenskkniv.se\/?page_id=4"},"modified":"2025-02-18T14:13:00","modified_gmt":"2025-02-18T13:13:00","slug":"om-foreningen","status":"publish","type":"page","link":"https:\/\/www.svenskkniv.se\/?page_id=4","title":{"rendered":"Om f\u00f6reningen"},"content":{"rendered":"<p><strong>Svensk Knivf\u00f6rening<\/strong>\u00a0\u00e4r en ideell f\u00f6rening som vill samla alla med ett intresse f\u00f6r knivar och knivmakeri i hela Sverige och \u00e4ven i andra l\u00e4nder. F\u00f6reningen startades 1988 av ett antal kniventusiaster, knivsmeder och materialleverant\u00f6rer. Vi \u00e4r c:a 1500 medlemmar, \u00e4ven fr\u00e5n Norge, Danmark, Finland, Frankrike, Tyskland, Holland samt USA.<\/p>\n<p><strong>Svensk Knivf\u00f6rening<\/strong> vill ge dig en m\u00f6jlighet att ansluta till en organisation som arbetar f\u00f6r att utveckla knivmakeriet p\u00e5 alla omr\u00e5den. Det kan g\u00e4lla design av knivar, nyt\u00e4nkande, tradition, materialval, tillverkningsmetoder, regler f\u00f6r knivt\u00e4vlingar etc. Svensk knivf\u00f6rening vill \u00e4ven gynna det svenska knivintresset i stort. Inte minst ges en m\u00f6jlighet att p\u00e5 m\u00e4ssor, t\u00e4vlingar, seminarier och andra forum bl.a. tr\u00e4ffa andra knivmakare, knivdesigners, knivsamlare, knivtillverkare och knivbrukare f\u00f6r utvecklande erfarenhetsutbyten inom knivbranschen.<\/p>\n<p><strong>Svensk Knivf\u00f6rening<\/strong>\u00a0erbjuder med ett medlemskap i f\u00f6reningen, bl.a:<\/p>\n<ul>\n<li>Medlemstidningen Knivmakaren, som utkommer med 4 nummer per \u00e5r och inneh\u00e5ller massor av artiklar, knivbilder och bl a n\u00e5gon knivskola varje \u00e5r med information och illustrationer om hur man tillverkar en kniv fr\u00e5n grunden till ett f\u00e4rdigt alster.<\/li>\n<li>Medlemspris p\u00e5 utbildningar arrangerade av oss.<\/li>\n<li>Tillg\u00e5ng till aktuell information och givande diskussioner p\u00e5 v\u00e5r hemsida och i v\u00e5ra sociala medier. Du finner uppgifter om f\u00f6reningen, knivt\u00e4vlingar, regionala knivutst\u00e4llningar samt l\u00e4nkar till andra knivf\u00f6reninger, skickliga knivmakare samt materialleverant\u00f6rer.<\/li>\n<\/ul>\n<p><a href=\"https:\/\/www.svenskkniv.se\/?page_id=6\">Varmt v\u00e4lkommen att bli medlem!<\/a><\/p>\n","protected":false},"excerpt":{"rendered":"<p>Svensk Knivf\u00f6rening\u00a0\u00e4r en ideell f\u00f6rening som vill samla alla med ett intresse f\u00f6r knivar och knivmakeri i hela Sverige och \u00e4ven i andra l\u00e4nder. F\u00f6reningen startades 1988 av ett antal kniventusiaster, knivsmeder och materialleverant\u00f6rer. Vi \u00e4r c:a 1500 medlemmar, \u00e4ven fr\u00e5n Norge, Danmark, Finland, Frankrike, Tyskland, Holland samt USA. Svensk \u2026 <a class=\"continue-reading-link\" href=\"https:\/\/www.svenskkniv.se\/?page_id=4\"> Continue reading <span class=\"meta-nav\">&rarr; <\/span><\/a><\/p>\n","protected":false},"author":1,"featured_media":0,"parent":0,"menu_order":20,"comment_status":"closed","ping_status":"closed","template":"","meta":{"footnotes":""},"class_list":["post-4","page","type-page","status-publish","hentry"],"_links":{"self":[{"href":"https:\/\/www.svenskkniv.se\/index.php?rest_route=\/wp\/v2\/pages\/4","targetHints":{"allow":["GET"]}}],"collection":[{"href":"https:\/\/www.svenskkniv.se\/index.php?rest_route=\/wp\/v2\/pages"}],"about":[{"href":"https:\/\/www.svenskkniv.se\/index.php?rest_route=\/wp\/v2\/types\/page"}],"author":[{"embeddable":true,"href":"https:\/\/www.svenskkniv.se\/index.php?rest_route=\/wp\/v2\/users\/1"}],"replies":[{"embeddable":true,"href":"https:\/\/www.svenskkniv.se\/index.php?rest_route=%2Fwp%2Fv2%2Fcomments&post=4"}],"version-history":[{"count":19,"href":"https:\/\/www.svenskkniv.se\/index.php?rest_route=\/wp\/v2\/pages\/4\/revisions"}],"predecessor-version":[{"id":4951,"href":"https:\/\/www.svenskkniv.se\/index.php?rest_route=\/wp\/v2\/pages\/4\/revisions\/4951"}],"wp:attachment":[{"href":"https:\/\/www.svenskkniv.se\/index.php?rest_route=%2Fwp%2Fv2%2Fmedia&parent=4"}],"curies":[{"name":"wp","href":"https:\/\/api.w.org\/{rel}","templated":true}]}}