{"id":41,"date":"2013-02-25T23:20:53","date_gmt":"2013-02-25T22:20:53","guid":{"rendered":"https:\/\/www.svenskkniv.se\/?page_id=41"},"modified":"2021-01-12T10:12:31","modified_gmt":"2021-01-12T09:12:31","slug":"lankar","status":"publish","type":"page","link":"https:\/\/www.svenskkniv.se\/?page_id=41","title":{"rendered":"L\u00e4nkar"},"content":{"rendered":"<h5>St\u00f6tta v\u00e5ra v\u00e4nner \u2013 bes\u00f6k deras hemsidor! Saknar du n\u00e5gon trevlig l\u00e4nk, mejla Knivmakaren!<\/h5>\n<blockquote class=\"wp-embedded-content\" data-secret=\"dJBBMnFnai\"><p><a href=\"https:\/\/www.svenskkniv.se\/?page_id=3709\">L\u00e4nkar till v\u00e5ra v\u00e4nner<\/a><\/p><\/blockquote>\n<p><iframe loading=\"lazy\" class=\"wp-embedded-content\" sandbox=\"allow-scripts\" security=\"restricted\" style=\"position: absolute; clip: rect(1px, 1px, 1px, 1px);\" title=\"&#8221;L\u00e4nkar till v\u00e5ra v\u00e4nner&#8221; &#8212; \" src=\"https:\/\/www.svenskkniv.se\/?page_id=3709&#038;embed=true#?secret=dJBBMnFnai\" data-secret=\"dJBBMnFnai\" width=\"600\" height=\"338\" frameborder=\"0\" marginwidth=\"0\" marginheight=\"0\" scrolling=\"no\"><\/iframe><\/p>\n","protected":false},"excerpt":{"rendered":"<p>St\u00f6tta v\u00e5ra v\u00e4nner \u2013 bes\u00f6k deras hemsidor! Saknar du n\u00e5gon trevlig l\u00e4nk, mejla Knivmakaren! L\u00e4nkar till v\u00e5ra v\u00e4nner<\/p>\n","protected":false},"author":1,"featured_media":0,"parent":0,"menu_order":60,"comment_status":"open","ping_status":"open","template":"","meta":{"footnotes":""},"class_list":["post-41","page","type-page","status-publish","hentry"],"_links":{"self":[{"href":"https:\/\/www.svenskkniv.se\/index.php?rest_route=\/wp\/v2\/pages\/41","targetHints":{"allow":["GET"]}}],"collection":[{"href":"https:\/\/www.svenskkniv.se\/index.php?rest_route=\/wp\/v2\/pages"}],"about":[{"href":"https:\/\/www.svenskkniv.se\/index.php?rest_route=\/wp\/v2\/types\/page"}],"author":[{"embeddable":true,"href":"https:\/\/www.svenskkniv.se\/index.php?rest_route=\/wp\/v2\/users\/1"}],"replies":[{"embeddable":true,"href":"https:\/\/www.svenskkniv.se\/index.php?rest_route=%2Fwp%2Fv2%2Fcomments&post=41"}],"version-history":[{"count":6,"href":"https:\/\/www.svenskkniv.se\/index.php?rest_route=\/wp\/v2\/pages\/41\/revisions"}],"predecessor-version":[{"id":3863,"href":"https:\/\/www.svenskkniv.se\/index.php?rest_route=\/wp\/v2\/pages\/41\/revisions\/3863"}],"wp:attachment":[{"href":"https:\/\/www.svenskkniv.se\/index.php?rest_route=%2Fwp%2Fv2%2Fmedia&parent=41"}],"curies":[{"name":"wp","href":"https:\/\/api.w.org\/{rel}","templated":true}]}}