{"id":43,"date":"2013-02-25T23:21:17","date_gmt":"2013-02-25T22:21:17","guid":{"rendered":"https:\/\/www.svenskkniv.se\/?page_id=43"},"modified":"2014-03-10T13:26:27","modified_gmt":"2014-03-10T12:26:27","slug":"bildgalleri","status":"publish","type":"page","link":"https:\/\/www.svenskkniv.se\/?page_id=43","title":{"rendered":"Bildgalleri"},"content":{"rendered":"<p>Klicka p\u00e5 l\u00e4nkarna i menyn f\u00f6r att se bilder.<\/p>\n<p>F\u00f6r att se \u00e4ldre bilder (fr\u00e5n 2012 och tidigare) \u00a0m\u00e5ste \u00e5rtal anges i s\u00f6krutan.<\/p>\n<p><a href=\"https:\/\/www.svenskkniv.se\/valaar.php\">\u00a0<\/a><\/p>\n","protected":false},"excerpt":{"rendered":"<p>Klicka p\u00e5 l\u00e4nkarna i menyn f\u00f6r att se bilder. F\u00f6r att se \u00e4ldre bilder (fr\u00e5n 2012 och tidigare) \u00a0m\u00e5ste \u00e5rtal anges i s\u00f6krutan. \u00a0<\/p>\n","protected":false},"author":1,"featured_media":0,"parent":0,"menu_order":80,"comment_status":"open","ping_status":"closed","template":"","meta":{"footnotes":""},"class_list":["post-43","page","type-page","status-publish","hentry"],"_links":{"self":[{"href":"https:\/\/www.svenskkniv.se\/index.php?rest_route=\/wp\/v2\/pages\/43","targetHints":{"allow":["GET"]}}],"collection":[{"href":"https:\/\/www.svenskkniv.se\/index.php?rest_route=\/wp\/v2\/pages"}],"about":[{"href":"https:\/\/www.svenskkniv.se\/index.php?rest_route=\/wp\/v2\/types\/page"}],"author":[{"embeddable":true,"href":"https:\/\/www.svenskkniv.se\/index.php?rest_route=\/wp\/v2\/users\/1"}],"replies":[{"embeddable":true,"href":"https:\/\/www.svenskkniv.se\/index.php?rest_route=%2Fwp%2Fv2%2Fcomments&post=43"}],"version-history":[{"count":10,"href":"https:\/\/www.svenskkniv.se\/index.php?rest_route=\/wp\/v2\/pages\/43\/revisions"}],"predecessor-version":[{"id":1391,"href":"https:\/\/www.svenskkniv.se\/index.php?rest_route=\/wp\/v2\/pages\/43\/revisions\/1391"}],"wp:attachment":[{"href":"https:\/\/www.svenskkniv.se\/index.php?rest_route=%2Fwp%2Fv2%2Fmedia&parent=43"}],"curies":[{"name":"wp","href":"https:\/\/api.w.org\/{rel}","templated":true}]}}