{"id":6,"date":"2013-02-25T23:12:49","date_gmt":"2013-02-25T22:12:49","guid":{"rendered":"https:\/\/www.svenskkniv.se\/?page_id=6"},"modified":"2025-02-18T09:30:49","modified_gmt":"2025-02-18T08:30:49","slug":"bli-medlem","status":"publish","type":"page","link":"https:\/\/www.svenskkniv.se\/?page_id=6","title":{"rendered":"Bli medlem"},"content":{"rendered":"<p><strong>Varmt v\u00e4lkommen som medlem i f\u00f6reningen!<a href=\"https:\/\/www.svenskkniv.se\/wp-content\/uploads\/2023\/02\/325468648_564320292379114_5099020219983077261_n.png\"><img loading=\"lazy\" decoding=\"async\" class=\"alignright size-medium wp-image-4502\" src=\"https:\/\/www.svenskkniv.se\/wp-content\/uploads\/2023\/02\/325468648_564320292379114_5099020219983077261_n-300x300.png\" alt=\"\" width=\"300\" height=\"300\" srcset=\"https:\/\/www.svenskkniv.se\/wp-content\/uploads\/2023\/02\/325468648_564320292379114_5099020219983077261_n-300x300.png 300w, https:\/\/www.svenskkniv.se\/wp-content\/uploads\/2023\/02\/325468648_564320292379114_5099020219983077261_n-1024x1024.png 1024w, https:\/\/www.svenskkniv.se\/wp-content\/uploads\/2023\/02\/325468648_564320292379114_5099020219983077261_n-150x150.png 150w, https:\/\/www.svenskkniv.se\/wp-content\/uploads\/2023\/02\/325468648_564320292379114_5099020219983077261_n-768x768.png 768w, https:\/\/www.svenskkniv.se\/wp-content\/uploads\/2023\/02\/325468648_564320292379114_5099020219983077261_n.png 1160w\" sizes=\"auto, (max-width: 300px) 100vw, 300px\" \/><\/a><br \/>\n<\/strong>Medlemsavgiften \u00e4r 375 SEK per \u00e5r och pengarna g\u00e5r till v\u00e5rt gemensamma arbete att st\u00f6tta det svenska knivintresset samt skapandet av v\u00e5r uppskattade medlemstidning Knivmakaren.<\/p>\n<p>Du som bor utanf\u00f6r Sverige (outside Sweden) kan \u00e4ven f\u00e5 medlemstidningen hemskickad. Medlemsavgiften f\u00f6r boende utanf\u00f6r Sverige \u00e4r 450 SEK per \u00e5r. <a href=\"https:\/\/www.svenskkniv.se\/?page_id=24\" target=\"_blank\" rel=\"noopener noreferrer\">H\u00e4r finner du utlandsuppgifterna.<\/a><\/p>\n<p><span style=\"font-size: inherit;\">Det g\u00e5r \u00e4ven bra att bli st\u00f6djande familjemedlem f\u00f6r 100 SEK.<\/span><\/p>\n<p><span style=\"font-size: inherit;\"> Medlemsavgiften kan betalas p\u00e5 tv\u00e5 olika s\u00e4tt:<\/span><\/p>\n<p>Antingen till f\u00f6reningens <strong>Bankgiro<\/strong> 121-2141. V\u00e4nligen ange namn och postadress i samband med din inbetalning.<\/p>\n<p>Eller via <strong>Swish<\/strong> till nummer 12 35 34 24 64. Se \u00e4ven denna sidas QR-kod. V\u00e4nligen ange namn och postadress i samband med din inbetalning.<\/p>\n<p>Om din inbetalnings textf\u00e4lt bara rymmer ditt namn, och inte din postadress, v\u00e4nligen s\u00e4nd d\u00e5 in din postadress till oss via e-post:\u00a0 tege1960@gmail.com\u00a0 . V\u00e4nligen anv\u00e4nd \u00e4ven samma e-postadress, eller telefonnummer 070-233 07 15, om du flyttat och beh\u00f6ver adress\u00e4ndra.<\/p>\n<p>Varmt v\u00e4lkommen till Svensk Knivf\u00f6rening!<\/p>\n","protected":false},"excerpt":{"rendered":"<p>Varmt v\u00e4lkommen som medlem i f\u00f6reningen! Medlemsavgiften \u00e4r 375 SEK per \u00e5r och pengarna g\u00e5r till v\u00e5rt gemensamma arbete att st\u00f6tta det svenska knivintresset samt skapandet av v\u00e5r uppskattade medlemstidning Knivmakaren. Du som bor utanf\u00f6r Sverige (outside Sweden) kan \u00e4ven f\u00e5 medlemstidningen hemskickad. Medlemsavgiften f\u00f6r boende utanf\u00f6r Sverige \u00e4r 450 \u2026 <a class=\"continue-reading-link\" href=\"https:\/\/www.svenskkniv.se\/?page_id=6\"> Continue reading <span class=\"meta-nav\">&rarr; <\/span><\/a><\/p>\n","protected":false},"author":1,"featured_media":0,"parent":4,"menu_order":1,"comment_status":"closed","ping_status":"closed","template":"","meta":{"footnotes":""},"class_list":["post-6","page","type-page","status-publish","hentry"],"_links":{"self":[{"href":"https:\/\/www.svenskkniv.se\/index.php?rest_route=\/wp\/v2\/pages\/6","targetHints":{"allow":["GET"]}}],"collection":[{"href":"https:\/\/www.svenskkniv.se\/index.php?rest_route=\/wp\/v2\/pages"}],"about":[{"href":"https:\/\/www.svenskkniv.se\/index.php?rest_route=\/wp\/v2\/types\/page"}],"author":[{"embeddable":true,"href":"https:\/\/www.svenskkniv.se\/index.php?rest_route=\/wp\/v2\/users\/1"}],"replies":[{"embeddable":true,"href":"https:\/\/www.svenskkniv.se\/index.php?rest_route=%2Fwp%2Fv2%2Fcomments&post=6"}],"version-history":[{"count":27,"href":"https:\/\/www.svenskkniv.se\/index.php?rest_route=\/wp\/v2\/pages\/6\/revisions"}],"predecessor-version":[{"id":4950,"href":"https:\/\/www.svenskkniv.se\/index.php?rest_route=\/wp\/v2\/pages\/6\/revisions\/4950"}],"up":[{"embeddable":true,"href":"https:\/\/www.svenskkniv.se\/index.php?rest_route=\/wp\/v2\/pages\/4"}],"wp:attachment":[{"href":"https:\/\/www.svenskkniv.se\/index.php?rest_route=%2Fwp%2Fv2%2Fmedia&parent=6"}],"curies":[{"name":"wp","href":"https:\/\/api.w.org\/{rel}","templated":true}]}}